{"id":24,"date":"2020-01-06T01:55:22","date_gmt":"2020-01-06T01:55:22","guid":{"rendered":"http:\/\/artmothers.org\/?page_id=24"},"modified":"2022-03-30T12:35:21","modified_gmt":"2022-03-30T12:35:21","slug":"kunstkurse","status":"publish","type":"page","link":"http:\/\/artmothers.org\/","title":{"rendered":"Kurzer Einblick"},"content":{"rendered":"\n<blockquote class=\"wp-block-quote\"><p> Liebe Besucher meiner Webseite, herzlich Willkommen! Hier ist Vieles im Umbau und solange w\u00fcnsche ich schon einmal f\u00fcr Freude beim Reingucken. <\/p><p>In K\u00fcrze folgen Informationen zu Kunstkursen, real und online und Buchungen hierzu. Bei Interesse und Fragen meldet Euch einfach unter <\/p><p>ingmarie at gmx . net<\/p><\/blockquote>\n\n\n\n<p><\/p>\n\n\n\n<div class=\"wp-block-columns\">\n<div class=\"wp-block-column\" style=\"flex-basis:100%\">\n<div class=\"wp-container-1 wp-block-group\"><div class=\"wp-block-group__inner-container\">\n<div class=\"wp-block-columns\">\n<div class=\"wp-block-column\" style=\"flex-basis:100%\">\n<figure class=\"wp-block-gallery alignleft has-nested-images columns-default is-cropped\">\n<figure class=\"wp-block-image size-large\"><img loading=\"lazy\" width=\"719\" height=\"1024\" src=\"http:\/\/artmothers.org\/wp-content\/uploads\/2022\/03\/1DSC_0017-719x1024.jpg\" alt=\"\" class=\"wp-image-128\" srcset=\"http:\/\/artmothers.org\/wp-content\/uploads\/2022\/03\/1DSC_0017-719x1024.jpg 719w, http:\/\/artmothers.org\/wp-content\/uploads\/2022\/03\/1DSC_0017-211x300.jpg 211w, http:\/\/artmothers.org\/wp-content\/uploads\/2022\/03\/1DSC_0017-768x1094.jpg 768w, http:\/\/artmothers.org\/wp-content\/uploads\/2022\/03\/1DSC_0017-1078x1536.jpg 1078w, http:\/\/artmothers.org\/wp-content\/uploads\/2022\/03\/1DSC_0017-1438x2048.jpg 1438w, http:\/\/artmothers.org\/wp-content\/uploads\/2022\/03\/1DSC_0017-scaled.jpg 1797w\" sizes=\"(max-width: 719px) 100vw, 719px\" \/><\/figure>\n\n\n\n<figure class=\"wp-block-image size-large is-style-default\"><img loading=\"lazy\" width=\"1024\" height=\"719\" src=\"http:\/\/artmothers.org\/wp-content\/uploads\/2022\/03\/Kuestek1-1-1024x719.jpg\" alt=\"\" class=\"wp-image-123\" srcset=\"http:\/\/artmothers.org\/wp-content\/uploads\/2022\/03\/Kuestek1-1-1024x719.jpg 1024w, http:\/\/artmothers.org\/wp-content\/uploads\/2022\/03\/Kuestek1-1-300x211.jpg 300w, http:\/\/artmothers.org\/wp-content\/uploads\/2022\/03\/Kuestek1-1-768x539.jpg 768w, http:\/\/artmothers.org\/wp-content\/uploads\/2022\/03\/Kuestek1-1-1536x1079.jpg 1536w, http:\/\/artmothers.org\/wp-content\/uploads\/2022\/03\/Kuestek1-1-2048x1438.jpg 2048w\" sizes=\"(max-width: 767px) 89vw, (max-width: 1000px) 54vw, (max-width: 1071px) 543px, 580px\" \/><\/figure>\n\n\n\n<figure class=\"wp-block-image size-large\"><img loading=\"lazy\" width=\"555\" height=\"1024\" src=\"http:\/\/artmothers.org\/wp-content\/uploads\/2022\/03\/1DSC_0004-Kopie-1-555x1024.jpg\" alt=\"\" class=\"wp-image-134\" srcset=\"http:\/\/artmothers.org\/wp-content\/uploads\/2022\/03\/1DSC_0004-Kopie-1-555x1024.jpg 555w, http:\/\/artmothers.org\/wp-content\/uploads\/2022\/03\/1DSC_0004-Kopie-1-163x300.jpg 163w, http:\/\/artmothers.org\/wp-content\/uploads\/2022\/03\/1DSC_0004-Kopie-1-768x1418.jpg 768w, http:\/\/artmothers.org\/wp-content\/uploads\/2022\/03\/1DSC_0004-Kopie-1-832x1536.jpg 832w, http:\/\/artmothers.org\/wp-content\/uploads\/2022\/03\/1DSC_0004-Kopie-1-1109x2048.jpg 1109w, http:\/\/artmothers.org\/wp-content\/uploads\/2022\/03\/1DSC_0004-Kopie-1-scaled.jpg 1387w\" sizes=\"(max-width: 555px) 100vw, 555px\" \/><\/figure>\n\n\n\n<figure class=\"wp-block-image size-large\"><img loading=\"lazy\" width=\"716\" height=\"1024\" src=\"http:\/\/artmothers.org\/wp-content\/uploads\/2022\/03\/1DSC_0009-Kopie-716x1024.jpg\" alt=\"\" class=\"wp-image-133\" srcset=\"http:\/\/artmothers.org\/wp-content\/uploads\/2022\/03\/1DSC_0009-Kopie-716x1024.jpg 716w, http:\/\/artmothers.org\/wp-content\/uploads\/2022\/03\/1DSC_0009-Kopie-210x300.jpg 210w, http:\/\/artmothers.org\/wp-content\/uploads\/2022\/03\/1DSC_0009-Kopie-768x1099.jpg 768w, http:\/\/artmothers.org\/wp-content\/uploads\/2022\/03\/1DSC_0009-Kopie-1073x1536.jpg 1073w, http:\/\/artmothers.org\/wp-content\/uploads\/2022\/03\/1DSC_0009-Kopie-1431x2048.jpg 1431w, http:\/\/artmothers.org\/wp-content\/uploads\/2022\/03\/1DSC_0009-Kopie-scaled.jpg 1789w\" sizes=\"(max-width: 716px) 100vw, 716px\" \/><\/figure>\n\n\n\n<figure class=\"wp-block-image size-large\"><img loading=\"lazy\" width=\"1024\" height=\"723\" src=\"http:\/\/artmothers.org\/wp-content\/uploads\/2022\/03\/1DSC_0011-1024x723.jpg\" alt=\"\" class=\"wp-image-132\" srcset=\"http:\/\/artmothers.org\/wp-content\/uploads\/2022\/03\/1DSC_0011-1024x723.jpg 1024w, http:\/\/artmothers.org\/wp-content\/uploads\/2022\/03\/1DSC_0011-300x212.jpg 300w, http:\/\/artmothers.org\/wp-content\/uploads\/2022\/03\/1DSC_0011-768x542.jpg 768w, http:\/\/artmothers.org\/wp-content\/uploads\/2022\/03\/1DSC_0011-1536x1085.jpg 1536w, http:\/\/artmothers.org\/wp-content\/uploads\/2022\/03\/1DSC_0011-2048x1446.jpg 2048w\" sizes=\"(max-width: 767px) 89vw, (max-width: 1000px) 54vw, (max-width: 1071px) 543px, 580px\" \/><\/figure>\n\n\n\n<figure class=\"wp-block-image size-large\"><img loading=\"lazy\" width=\"724\" height=\"1024\" src=\"http:\/\/artmothers.org\/wp-content\/uploads\/2022\/03\/1DSC_0015-Kopie-724x1024.jpg\" alt=\"\" class=\"wp-image-131\" srcset=\"http:\/\/artmothers.org\/wp-content\/uploads\/2022\/03\/1DSC_0015-Kopie-724x1024.jpg 724w, http:\/\/artmothers.org\/wp-content\/uploads\/2022\/03\/1DSC_0015-Kopie-212x300.jpg 212w, http:\/\/artmothers.org\/wp-content\/uploads\/2022\/03\/1DSC_0015-Kopie-768x1086.jpg 768w, http:\/\/artmothers.org\/wp-content\/uploads\/2022\/03\/1DSC_0015-Kopie-1086x1536.jpg 1086w, http:\/\/artmothers.org\/wp-content\/uploads\/2022\/03\/1DSC_0015-Kopie-1449x2048.jpg 1449w, http:\/\/artmothers.org\/wp-content\/uploads\/2022\/03\/1DSC_0015-Kopie-scaled.jpg 1811w\" sizes=\"(max-width: 724px) 100vw, 724px\" \/><\/figure>\n\n\n\n<figure class=\"wp-block-image size-large\"><img loading=\"lazy\" width=\"719\" height=\"1024\" src=\"http:\/\/artmothers.org\/wp-content\/uploads\/2022\/03\/1DSC_0017-1-719x1024.jpg\" alt=\"\" class=\"wp-image-135\" srcset=\"http:\/\/artmothers.org\/wp-content\/uploads\/2022\/03\/1DSC_0017-1-719x1024.jpg 719w, http:\/\/artmothers.org\/wp-content\/uploads\/2022\/03\/1DSC_0017-1-211x300.jpg 211w, http:\/\/artmothers.org\/wp-content\/uploads\/2022\/03\/1DSC_0017-1-768x1094.jpg 768w, http:\/\/artmothers.org\/wp-content\/uploads\/2022\/03\/1DSC_0017-1-1078x1536.jpg 1078w, http:\/\/artmothers.org\/wp-content\/uploads\/2022\/03\/1DSC_0017-1-1438x2048.jpg 1438w, http:\/\/artmothers.org\/wp-content\/uploads\/2022\/03\/1DSC_0017-1-scaled.jpg 1797w\" sizes=\"(max-width: 719px) 100vw, 719px\" \/><\/figure>\n\n\n\n<figure class=\"wp-block-image size-large\"><img loading=\"lazy\" width=\"723\" height=\"1024\" src=\"http:\/\/artmothers.org\/wp-content\/uploads\/2022\/03\/1DSC_0021-723x1024.jpg\" alt=\"\" class=\"wp-image-130\" srcset=\"http:\/\/artmothers.org\/wp-content\/uploads\/2022\/03\/1DSC_0021-723x1024.jpg 723w, http:\/\/artmothers.org\/wp-content\/uploads\/2022\/03\/1DSC_0021-212x300.jpg 212w, http:\/\/artmothers.org\/wp-content\/uploads\/2022\/03\/1DSC_0021-768x1087.jpg 768w, http:\/\/artmothers.org\/wp-content\/uploads\/2022\/03\/1DSC_0021-1085x1536.jpg 1085w, http:\/\/artmothers.org\/wp-content\/uploads\/2022\/03\/1DSC_0021-1447x2048.jpg 1447w, http:\/\/artmothers.org\/wp-content\/uploads\/2022\/03\/1DSC_0021-scaled.jpg 1809w\" sizes=\"(max-width: 723px) 100vw, 723px\" \/><\/figure>\n\n\n\n<figure class=\"wp-block-image size-large\"><img loading=\"lazy\" width=\"727\" height=\"1024\" src=\"http:\/\/artmothers.org\/wp-content\/uploads\/2022\/03\/1DSC_0029-727x1024.jpg\" alt=\"\" class=\"wp-image-136\" srcset=\"http:\/\/artmothers.org\/wp-content\/uploads\/2022\/03\/1DSC_0029-727x1024.jpg 727w, http:\/\/artmothers.org\/wp-content\/uploads\/2022\/03\/1DSC_0029-213x300.jpg 213w, http:\/\/artmothers.org\/wp-content\/uploads\/2022\/03\/1DSC_0029-768x1082.jpg 768w, http:\/\/artmothers.org\/wp-content\/uploads\/2022\/03\/1DSC_0029-1090x1536.jpg 1090w, http:\/\/artmothers.org\/wp-content\/uploads\/2022\/03\/1DSC_0029-1453x2048.jpg 1453w, http:\/\/artmothers.org\/wp-content\/uploads\/2022\/03\/1DSC_0029-scaled.jpg 1816w\" sizes=\"(max-width: 727px) 100vw, 727px\" \/><\/figure>\n\n\n\n<figure class=\"wp-block-image size-large\"><img loading=\"lazy\" width=\"718\" height=\"1024\" src=\"http:\/\/artmothers.org\/wp-content\/uploads\/2022\/03\/1DSC_0034-Kopie-718x1024.jpg\" alt=\"\" class=\"wp-image-138\" srcset=\"http:\/\/artmothers.org\/wp-content\/uploads\/2022\/03\/1DSC_0034-Kopie-718x1024.jpg 718w, http:\/\/artmothers.org\/wp-content\/uploads\/2022\/03\/1DSC_0034-Kopie-210x300.jpg 210w, http:\/\/artmothers.org\/wp-content\/uploads\/2022\/03\/1DSC_0034-Kopie-768x1095.jpg 768w, http:\/\/artmothers.org\/wp-content\/uploads\/2022\/03\/1DSC_0034-Kopie-1078x1536.jpg 1078w, http:\/\/artmothers.org\/wp-content\/uploads\/2022\/03\/1DSC_0034-Kopie-1437x2048.jpg 1437w, http:\/\/artmothers.org\/wp-content\/uploads\/2022\/03\/1DSC_0034-Kopie-scaled.jpg 1796w\" sizes=\"(max-width: 718px) 100vw, 718px\" \/><\/figure>\n\n\n\n<figure class=\"wp-block-image size-large\"><img loading=\"lazy\" width=\"718\" height=\"1024\" src=\"http:\/\/artmothers.org\/wp-content\/uploads\/2022\/03\/1DSC_0042-718x1024.jpg\" alt=\"\" class=\"wp-image-141\" srcset=\"http:\/\/artmothers.org\/wp-content\/uploads\/2022\/03\/1DSC_0042-718x1024.jpg 718w, http:\/\/artmothers.org\/wp-content\/uploads\/2022\/03\/1DSC_0042-210x300.jpg 210w, http:\/\/artmothers.org\/wp-content\/uploads\/2022\/03\/1DSC_0042-768x1095.jpg 768w, http:\/\/artmothers.org\/wp-content\/uploads\/2022\/03\/1DSC_0042-1078x1536.jpg 1078w, http:\/\/artmothers.org\/wp-content\/uploads\/2022\/03\/1DSC_0042-1437x2048.jpg 1437w, http:\/\/artmothers.org\/wp-content\/uploads\/2022\/03\/1DSC_0042-scaled.jpg 1796w\" sizes=\"(max-width: 718px) 100vw, 718px\" \/><\/figure>\n\n\n\n<figure class=\"wp-block-image size-large\"><img loading=\"lazy\" width=\"706\" height=\"1024\" src=\"http:\/\/artmothers.org\/wp-content\/uploads\/2022\/03\/1DSC_0045-706x1024.jpg\" alt=\"\" class=\"wp-image-140\" srcset=\"http:\/\/artmothers.org\/wp-content\/uploads\/2022\/03\/1DSC_0045-706x1024.jpg 706w, http:\/\/artmothers.org\/wp-content\/uploads\/2022\/03\/1DSC_0045-207x300.jpg 207w, http:\/\/artmothers.org\/wp-content\/uploads\/2022\/03\/1DSC_0045-768x1114.jpg 768w, http:\/\/artmothers.org\/wp-content\/uploads\/2022\/03\/1DSC_0045-1059x1536.jpg 1059w, http:\/\/artmothers.org\/wp-content\/uploads\/2022\/03\/1DSC_0045-1412x2048.jpg 1412w, http:\/\/artmothers.org\/wp-content\/uploads\/2022\/03\/1DSC_0045-scaled.jpg 1765w\" sizes=\"(max-width: 706px) 100vw, 706px\" \/><\/figure>\n\n\n\n<figure class=\"wp-block-image size-large\"><img loading=\"lazy\" width=\"712\" height=\"1024\" src=\"http:\/\/artmothers.org\/wp-content\/uploads\/2022\/03\/1DSC_0047-712x1024.jpg\" alt=\"\" class=\"wp-image-142\" srcset=\"http:\/\/artmothers.org\/wp-content\/uploads\/2022\/03\/1DSC_0047-712x1024.jpg 712w, http:\/\/artmothers.org\/wp-content\/uploads\/2022\/03\/1DSC_0047-209x300.jpg 209w, http:\/\/artmothers.org\/wp-content\/uploads\/2022\/03\/1DSC_0047-768x1104.jpg 768w, http:\/\/artmothers.org\/wp-content\/uploads\/2022\/03\/1DSC_0047-1069x1536.jpg 1069w, http:\/\/artmothers.org\/wp-content\/uploads\/2022\/03\/1DSC_0047-1425x2048.jpg 1425w, http:\/\/artmothers.org\/wp-content\/uploads\/2022\/03\/1DSC_0047-scaled.jpg 1781w\" sizes=\"(max-width: 712px) 100vw, 712px\" \/><\/figure>\n\n\n\n<figure class=\"wp-block-image size-large\"><img loading=\"lazy\" width=\"1024\" height=\"723\" src=\"http:\/\/artmothers.org\/wp-content\/uploads\/2022\/03\/1DSC_0053-1024x723.jpg\" alt=\"\" class=\"wp-image-143\" srcset=\"http:\/\/artmothers.org\/wp-content\/uploads\/2022\/03\/1DSC_0053-1024x723.jpg 1024w, http:\/\/artmothers.org\/wp-content\/uploads\/2022\/03\/1DSC_0053-300x212.jpg 300w, http:\/\/artmothers.org\/wp-content\/uploads\/2022\/03\/1DSC_0053-768x543.jpg 768w, http:\/\/artmothers.org\/wp-content\/uploads\/2022\/03\/1DSC_0053-1536x1085.jpg 1536w, http:\/\/artmothers.org\/wp-content\/uploads\/2022\/03\/1DSC_0053-2048x1447.jpg 2048w\" sizes=\"(max-width: 767px) 89vw, (max-width: 1000px) 54vw, (max-width: 1071px) 543px, 580px\" \/><\/figure>\n\n\n\n<figure class=\"wp-block-image size-large\"><img loading=\"lazy\" width=\"722\" height=\"1024\" src=\"http:\/\/artmothers.org\/wp-content\/uploads\/2022\/03\/1DSC_0056-Kopie-722x1024.jpg\" alt=\"\" class=\"wp-image-144\" srcset=\"http:\/\/artmothers.org\/wp-content\/uploads\/2022\/03\/1DSC_0056-Kopie-722x1024.jpg 722w, http:\/\/artmothers.org\/wp-content\/uploads\/2022\/03\/1DSC_0056-Kopie-212x300.jpg 212w, http:\/\/artmothers.org\/wp-content\/uploads\/2022\/03\/1DSC_0056-Kopie-768x1089.jpg 768w, http:\/\/artmothers.org\/wp-content\/uploads\/2022\/03\/1DSC_0056-Kopie-1084x1536.jpg 1084w, http:\/\/artmothers.org\/wp-content\/uploads\/2022\/03\/1DSC_0056-Kopie-1445x2048.jpg 1445w, http:\/\/artmothers.org\/wp-content\/uploads\/2022\/03\/1DSC_0056-Kopie-scaled.jpg 1806w\" sizes=\"(max-width: 722px) 100vw, 722px\" \/><\/figure>\n\n\n\n<figure class=\"wp-block-image size-large\"><img loading=\"lazy\" width=\"713\" height=\"1024\" src=\"http:\/\/artmothers.org\/wp-content\/uploads\/2022\/03\/1DSC_0060-713x1024.jpg\" alt=\"\" class=\"wp-image-146\" srcset=\"http:\/\/artmothers.org\/wp-content\/uploads\/2022\/03\/1DSC_0060-713x1024.jpg 713w, http:\/\/artmothers.org\/wp-content\/uploads\/2022\/03\/1DSC_0060-209x300.jpg 209w, http:\/\/artmothers.org\/wp-content\/uploads\/2022\/03\/1DSC_0060-768x1102.jpg 768w, http:\/\/artmothers.org\/wp-content\/uploads\/2022\/03\/1DSC_0060-1070x1536.jpg 1070w, http:\/\/artmothers.org\/wp-content\/uploads\/2022\/03\/1DSC_0060-1427x2048.jpg 1427w, http:\/\/artmothers.org\/wp-content\/uploads\/2022\/03\/1DSC_0060-scaled.jpg 1784w\" sizes=\"(max-width: 713px) 100vw, 713px\" \/><\/figure>\n\n\n\n<figure class=\"wp-block-image size-large\"><img loading=\"lazy\" width=\"1024\" height=\"726\" src=\"http:\/\/artmothers.org\/wp-content\/uploads\/2022\/03\/300DPI-1024x726.jpg\" alt=\"\" class=\"wp-image-145\" srcset=\"http:\/\/artmothers.org\/wp-content\/uploads\/2022\/03\/300DPI-1024x726.jpg 1024w, http:\/\/artmothers.org\/wp-content\/uploads\/2022\/03\/300DPI-300x213.jpg 300w, http:\/\/artmothers.org\/wp-content\/uploads\/2022\/03\/300DPI-768x545.jpg 768w, http:\/\/artmothers.org\/wp-content\/uploads\/2022\/03\/300DPI-1536x1090.jpg 1536w, http:\/\/artmothers.org\/wp-content\/uploads\/2022\/03\/300DPI.jpg 1748w\" sizes=\"(max-width: 767px) 89vw, (max-width: 1000px) 54vw, (max-width: 1071px) 543px, 580px\" \/><\/figure>\n<figcaption class=\"blocks-gallery-caption\"><em><sub>Postkartenserie &#8222;Reisen ins Unbekannte&#8220; &#8211; Mischtechnik Aquarell\/Acryl, bis 2020<\/sub><\/em><\/figcaption><\/figure>\n<\/div>\n<\/div>\n<\/div><\/div>\n<\/div>\n<\/div>\n\n\n\n<p class=\"has-drop-cap\"><\/p>\n","protected":false},"excerpt":{"rendered":"<p>Liebe Besucher meiner Webseite, herzlich Willkommen! Hier ist Vieles im Umbau und solange w\u00fcnsche ich schon einmal f\u00fcr Freude beim Reingucken. In K\u00fcrze folgen Informationen zu Kunstkursen, real und online und Buchungen hierzu. Bei Interesse und Fragen meldet Euch einfach unter ingmarie at gmx . net<\/p>\n","protected":false},"author":1,"featured_media":0,"parent":0,"menu_order":0,"comment_status":"closed","ping_status":"closed","template":"","meta":[],"_links":{"self":[{"href":"http:\/\/artmothers.org\/index.php?rest_route=\/wp\/v2\/pages\/24"}],"collection":[{"href":"http:\/\/artmothers.org\/index.php?rest_route=\/wp\/v2\/pages"}],"about":[{"href":"http:\/\/artmothers.org\/index.php?rest_route=\/wp\/v2\/types\/page"}],"author":[{"embeddable":true,"href":"http:\/\/artmothers.org\/index.php?rest_route=\/wp\/v2\/users\/1"}],"replies":[{"embeddable":true,"href":"http:\/\/artmothers.org\/index.php?rest_route=%2Fwp%2Fv2%2Fcomments&post=24"}],"version-history":[{"count":12,"href":"http:\/\/artmothers.org\/index.php?rest_route=\/wp\/v2\/pages\/24\/revisions"}],"predecessor-version":[{"id":149,"href":"http:\/\/artmothers.org\/index.php?rest_route=\/wp\/v2\/pages\/24\/revisions\/149"}],"wp:attachment":[{"href":"http:\/\/artmothers.org\/index.php?rest_route=%2Fwp%2Fv2%2Fmedia&parent=24"}],"curies":[{"name":"wp","href":"https:\/\/api.w.org\/{rel}","templated":true}]}}